{"id":1721,"date":"2014-05-30T14:17:08","date_gmt":"2014-05-30T07:17:08","guid":{"rendered":"http:\/\/fullmoonbeach.com.vn\/lien-he\/"},"modified":"2025-07-03T14:08:48","modified_gmt":"2025-07-03T07:08:48","slug":"lien-he","status":"publish","type":"page","link":"https:\/\/fullmoonbeach.com.vn\/vi\/lien-he\/","title":{"rendered":"Li\u00ean H\u1ec7"},"content":{"rendered":"<div class=\"smart_content_wrapper\">\t<div class=\"pixcode  pixcode--grid  grid\" >\n\t\t\t<div class=\"grid__item six-twelfths palm-one-whole\" >\n\t\t\n<h3 class=\"flush--top\">H\u00e3y li\u00ean h\u1ec7 v\u1edbi ch\u00fang t\u00f4i!<\/h3>\n<div role=\"form\" class=\"wpcf7\" id=\"wpcf7-f118-o1\" lang=\"en-US\" dir=\"ltr\">\n<div class=\"screen-reader-response\" role=\"alert\" aria-live=\"polite\"><\/div>\n<form action=\"\/vi\/wp-json\/wp\/v2\/pages\/1721#wpcf7-f118-o1\" method=\"post\" class=\"wpcf7-form init\" novalidate=\"novalidate\">\n<div style=\"display: none;\">\n<input type=\"hidden\" name=\"_wpcf7\" value=\"118\" \/>\n<input type=\"hidden\" name=\"_wpcf7_version\" value=\"5.2.2\" \/>\n<input type=\"hidden\" name=\"_wpcf7_locale\" value=\"en_US\" \/>\n<input type=\"hidden\" name=\"_wpcf7_unit_tag\" value=\"wpcf7-f118-o1\" \/>\n<input type=\"hidden\" name=\"_wpcf7_container_post\" value=\"0\" \/>\n<input type=\"hidden\" name=\"_wpcf7_posted_data_hash\" value=\"\" \/>\n<\/div>\n<div class=\"ps-footer-form\">\n<p>\n    <span class=\"wpcf7-form-control-wrap your-name\"><input type=\"text\" name=\"your-name\" value=\"\" size=\"40\" class=\"wpcf7-form-control wpcf7-text wpcf7-validates-as-required\" aria-required=\"true\" aria-invalid=\"false\" placeholder=\"Your Name\" \/><\/span> <\/p>\n<p>\n    <span class=\"wpcf7-form-control-wrap your-email\"><input type=\"email\" name=\"your-email\" value=\"\" size=\"40\" class=\"wpcf7-form-control wpcf7-text wpcf7-email wpcf7-validates-as-required wpcf7-validates-as-email\" aria-required=\"true\" aria-invalid=\"false\" placeholder=\"Email Address\" \/><\/span> <\/p>\n<p>\n    <span class=\"wpcf7-form-control-wrap your-message\"><textarea name=\"your-message\" cols=\"40\" rows=\"10\" class=\"wpcf7-form-control wpcf7-textarea\" aria-invalid=\"false\" placeholder=\"Your Message\"><\/textarea><\/span> <\/p>\n<p><input type=\"submit\" value=\"Submit\" class=\"wpcf7-form-control wpcf7-submit\" \/><\/p>\n<\/div>\n<p><!-- .ps-footer-form --><\/p>\n<input type='hidden' class='wpcf7-pum' value='{\"closepopup\":false,\"closedelay\":0,\"openpopup\":false,\"openpopup_id\":0}' \/><div class=\"wpcf7-response-output\" role=\"alert\" aria-hidden=\"true\"><\/div><\/form><\/div>\n\t<\/div>\n\n\t<div class=\"grid__item six-twelfths palm-one-whole\" >\n\t\t\n<style type=\"text\/css\">\r\n       .errordiv { padding:10px; margin:10px; border: 1px solid #555555;color: #000000;background-color: #f8f8f8; width:500px; }#advanced_iframe {visibility:visible;opacity:1;vertical-align:top;}.ai-info-bottom-iframe { position: fixed; z-index: 10000; bottom:0; left: 0; margin: 0px; text-align: center; width: 100%; background-color: #ff9999; padding-left: 5px;padding-bottom: 5px; border-top: 1px solid #aaa }#ai-layer-div-advanced_iframe p {height:100%;margin:0;padding:0}<\/style><script type=\"text\/javascript\">  var ai_iframe_width_advanced_iframe = 0;  var ai_iframe_height_advanced_iframe = 0;function aiReceiveMessageadvanced_iframe(event) {  aiProcessMessage(event,\"advanced_iframe\", \"true\");}if (window.addEventListener) {  window.addEventListener(\"message\", aiReceiveMessageadvanced_iframe);} else if (el.attachEvent)  {  el.attachEvent(\"message\", aiReceiveMessageadvanced_iframe);}var aiIsIe8=false;var aiOnloadScrollTop=\"true\";\r\nif (typeof aiReadyCallbacks === 'undefined') {\r\n    var aiReadyCallbacks = [];  \r\n} else if (!(aiReadyCallbacks instanceof Array)) {\r\n    var aiReadyCallbacks = [];\r\n}    function aiShowIframeId(id_iframe) { jQuery(\"#\"+id_iframe).css(\"visibility\", \"visible\");    }    function aiResizeIframeHeight(height) { aiResizeIframeHeight(height,advanced_iframe); }    function aiResizeIframeHeightId(height,width,id) {aiResizeIframeHeightById(id,height);}<\/script><iframe id=\"advanced_iframe\"  name=\"advanced_iframe\"  src=\"https:\/\/www.google.com\/maps\/embed?pb=!1m18!1m12!1m3!1d1958.5776133568484!2d108.2107775579134!3d10.95164463141293!2m3!1f0!2f0!3f0!3m2!1i1024!2i768!4f13.1!3m3!1m2!1s0x3176853a75847653%3A0x2a868973c95a9b4f!2sFull%20Moon%20Beach%20Resort!5e0!3m2!1svi!2s!4v1603696777240!5m2!1svi!2s\"  width=\"600\"  height=\"450\"  frameborder=\"0\"  allowtransparency=\"true\"  style=\"border:0;;width:600px;height:450px;\"  allowfullscreen ><\/iframe><script type=\"text\/javascript\">var ifrm_advanced_iframe = document.getElementById(\"advanced_iframe\");var hiddenTabsDoneadvanced_iframe = false;\r\nfunction resizeCallbackadvanced_iframe() {}function aiChangeUrl(loc) {}<\/script><script type=\"text\/javascript\"><\/script>\n\t<\/div>\n\n\t<\/div>\n\n<p>&nbsp;<\/p>\n<div class=\"pixcode  pixcode--separator  separator separator--line-flower separator_color--light\">\n<div class=\"line  line--left\"><\/div>\n<div class=\"line  line--right\"><\/div>\n<div class=\"star\">&#10043;<\/div>\n<div class=\"arrows\">\n<div class=\"arrow arrow--left\"><\/div>\n<div class=\"arrow arrow--right\"><\/div>\n<\/div>\n<\/div>\n\n<p><a href=\"http:\/\/fullmoonbeach.com.vn\/vi\/\">Khu ngh\u1ec9 d\u01b0\u1ee1ng Full Moon Beach <\/a> n\u1eb1m trong m\u1ed9t thi\u00ean \u0111\u01b0\u1eddng nhi\u1ec7t \u0111\u1edbi c\u1ee7a khu v\u01b0\u1eddn xanh m\u01b0\u1edbt, ngay tr\u00ean b\u00e3i bi\u1ec3n tuy\u1ec7t \u0111\u1eb9p M\u0169i N\u00e9. Full Moon Beach l\u00e0 \u0111i\u1ec3m \u0111\u1ebfn l\u00fd t\u01b0\u1edfng cho m\u1ecdi ng\u01b0\u1eddi t\u00ecm ki\u1ebfm m\u1ed9t ch\u00fat thi\u00ean \u0111\u01b0\u1eddng ho\u1eb7c ch\u1ec9 mu\u1ed1n c\u00f3 m\u1ed9t k\u1ef3 ngh\u1ec9 cu\u1ed1i tu\u1ea7n tho\u1ea3i m\u00e1i, tr\u00e1nh xa s\u1ef1 h\u1ed1i h\u1ea3 c\u1ee7a th\u00e0nh ph\u1ed1 l\u1edbn. B\u1ed9 s\u01b0u t\u1eadp c\u00e1c lo\u1ea1i ch\u1ed7 \u1edf c\u1ee7a ch\u00fang t\u00f4i \u0111\u01b0\u1ee3c trang b\u1ecb n\u1ed9i th\u1ea5t ti\u1ec7n nghi v\u00e0 phong c\u00e1ch, mang l\u1ea1i s\u1ef1 ri\u00eang t\u01b0 v\u00e0 y\u00ean b\u00ecnh cho nh\u1eefng ai \u0111ang t\u00ecm ki\u1ebfm s\u1ef1 thanh th\u1ea3n v\u00e0 t\u0129nh l\u1eb7ng.<\/p>\n<p>V\u1eady n\u00ean, h\u00e3y b\u1ecf h\u1ebft mu\u1ed9n phi\u1ec1n ph\u00eda sau v\u00e0 kh\u00e1m ph\u00e1 thi\u00ean \u0111\u01b0\u1eddng ri\u00eang c\u1ee7a b\u1ea1n t\u1ea1i Full Moon Beach, M\u0169i N\u00e9.<\/p>\n<p>Kh\u00f4ng c\u00f3 g\u00ec tuy\u1ec7t v\u1eddi h\u01a1n &#8211; kh\u00e1m ph\u00e1 v\u00e0 th\u01b0\u1edfng th\u1ee9c ni\u1ec1m vui c\u1ee7a gi\u00f3 v\u00e0 n\u01b0\u1edbc tr\u00ean v\u1ecbnh M\u0169i N\u00e9. Ch\u00fang t\u00f4i m\u1eddi b\u1ea1n \u0111\u1ebfn v\u00e0 th\u01b0 gi\u00e3n v\u1edbi \u00e2m thanh c\u1ee7a bi\u1ec3n t\u1eeb s\u1ef1 y\u00ean b\u00ecnh c\u1ee7a khu v\u01b0\u1eddn b\u00f3ng m\u00e1t v\u00e0 h\u1ed3 b\u01a1i h\u1ea5p d\u1eabn c\u1ee7a ch\u00fang t\u00f4i. H\u00e3y \u0111\u1ec3 ch\u00fang t\u00f4i bi\u1ebfn k\u1ef3 ngh\u1ec9 c\u1ee7a b\u1ea1n tr\u1edf th\u00e0nh m\u1ed9t tr\u1ea3i nghi\u1ec7m \u0111\u00e1ng nh\u1edb.<\/p>\n<p>N\u1ebfu b\u1ea1n c\u00f3 c\u00e2u h\u1ecfi ho\u1eb7c \u00fd ki\u1ebfn, vui l\u00f2ng li\u00ean h\u1ec7 v\u1edbi ch\u00fang t\u00f4i qua b\u1ea5t k\u1ef3 ph\u01b0\u01a1ng ti\u1ec7n n\u00e0o l\u00e0 thu\u1eadn ti\u1ec7n nh\u1ea5t. H\u00e3y h\u1ecfi. Kh\u00f4ng c\u00f3 c\u00e2u h\u1ecfi n\u00e0o l\u00e0 qu\u00e1 nh\u1ecf \u0111\u1ed1i v\u1edbi \u0111\u1ed9i ng\u0169 c\u1ee7a ch\u00fang t\u00f4i.<\/p>\n<\/div>","protected":false},"excerpt":{"rendered":"<p>&nbsp; Khu ngh\u1ec9 d\u01b0\u1ee1ng Full Moon Beach n\u1eb1m trong m\u1ed9t thi\u00ean \u0111\u01b0\u1eddng nhi\u1ec7t \u0111\u1edbi c\u1ee7a khu v\u01b0\u1eddn xanh m\u01b0\u1edbt, ngay tr\u00ean b\u00e3i bi\u1ec3n tuy\u1ec7t \u0111\u1eb9p M\u0169i N\u00e9. Full Moon Beach l\u00e0 \u0111i\u1ec3m \u0111\u1ebfn l\u00fd t\u01b0\u1edfng cho m\u1ecdi ng\u01b0\u1eddi t\u00ecm ki\u1ebfm m\u1ed9t ch\u00fat thi\u00ean \u0111\u01b0\u1eddng ho\u1eb7c ch\u1ec9 mu\u1ed1n c\u00f3 m\u1ed9t k\u1ef3 ngh\u1ec9 cu\u1ed1i tu\u1ea7n tho\u1ea3i m\u00e1i,..<\/p>\n","protected":false},"author":1,"featured_media":1463,"parent":0,"menu_order":0,"comment_status":"closed","ping_status":"closed","template":"","meta":{"footnotes":""},"class_list":["post-1721","page","type-page","status-publish","has-post-thumbnail","hentry"],"_links":{"self":[{"href":"https:\/\/fullmoonbeach.com.vn\/vi\/wp-json\/wp\/v2\/pages\/1721","targetHints":{"allow":["GET"]}}],"collection":[{"href":"https:\/\/fullmoonbeach.com.vn\/vi\/wp-json\/wp\/v2\/pages"}],"about":[{"href":"https:\/\/fullmoonbeach.com.vn\/vi\/wp-json\/wp\/v2\/types\/page"}],"author":[{"embeddable":true,"href":"https:\/\/fullmoonbeach.com.vn\/vi\/wp-json\/wp\/v2\/users\/1"}],"replies":[{"embeddable":true,"href":"https:\/\/fullmoonbeach.com.vn\/vi\/wp-json\/wp\/v2\/comments?post=1721"}],"version-history":[{"count":1,"href":"https:\/\/fullmoonbeach.com.vn\/vi\/wp-json\/wp\/v2\/pages\/1721\/revisions"}],"predecessor-version":[{"id":1753,"href":"https:\/\/fullmoonbeach.com.vn\/vi\/wp-json\/wp\/v2\/pages\/1721\/revisions\/1753"}],"wp:featuredmedia":[{"embeddable":true,"href":"https:\/\/fullmoonbeach.com.vn\/vi\/wp-json\/wp\/v2\/media\/1463"}],"wp:attachment":[{"href":"https:\/\/fullmoonbeach.com.vn\/vi\/wp-json\/wp\/v2\/media?parent=1721"}],"curies":[{"name":"wp","href":"https:\/\/api.w.org\/{rel}","templated":true}]}}