{"id":1714,"date":"2014-09-26T10:12:56","date_gmt":"2014-09-26T03:12:56","guid":{"rendered":"http:\/\/fullmoonbeach.com.vn\/dat-phong\/"},"modified":"2014-09-26T10:12:56","modified_gmt":"2014-09-26T03:12:56","slug":"dat-phong","status":"publish","type":"page","link":"https:\/\/fullmoonbeach.com.vn\/vi\/dat-phong\/","title":{"rendered":"\u0110\u1eb7t Ph\u00f2ng"},"content":{"rendered":"<div class=\"smart_content_wrapper\"><div class=\"mphb_sc_search-wrapper is-style-horizontal-form\"><form method=\"GET\" class=\"mphb_sc_search-form\" action=\"https:\/\/fullmoonbeach.com.vn\/vi\/ket-qua-tim-kiem\/\">\n\n\t<p class = \"mphb-required-fields-tip\">\n\t<small>\n\t\tRequired fields are followed by\t\t<abbr title=\"required\">*<\/abbr>\n\t<\/small>\n<\/p>\n\t<p class=\"mphb_sc_search-check-in-date\">\n\t\t<label for=\"mphb_check_in_date-mphb-search-form-69e4c9e885b4f\">\n\t\t\tCheck-in\t\t\t<abbr title=\"Formatted as dd\/mm\/yyyy\">*<\/abbr>\n\t\t<\/label>\n\t\t<br \/>\n\t\t<input\n\t\t\tid=\"mphb_check_in_date-mphb-search-form-69e4c9e885b4f\"\n\t\t\tdata-datepick-group=\"mphb-search-form-69e4c9e885b4f\"\n\t\t\tvalue=\"\"\n\t\t\tplaceholder=\"Check-in Date\"\n\t\t\trequired=\"required\"\n\t\t\ttype=\"text\"\n\t\t\tinputmode=\"none\"\n\t\t\tname=\"mphb_check_in_date\"\n\t\t\tclass=\"mphb-datepick\"\n\t\t\tautocomplete=\"off\"\n\t\t\t\/>\n\t<\/p>\n\n\t<p class=\"mphb_sc_search-check-out-date\">\n\t\t<label for=\"mphb_check_out_date-mphb-search-form-69e4c9e885b4f\">\n\t\t\tCheck-out\t\t\t<abbr title=\"Formatted as dd\/mm\/yyyy\">*<\/abbr>\n\t\t<\/label>\n\t\t<br \/>\n\t\t<input\n\t\t\tid=\"mphb_check_out_date-mphb-search-form-69e4c9e885b4f\"\n\t\t\tdata-datepick-group=\"mphb-search-form-69e4c9e885b4f\"\n\t\t\tvalue=\"\"\n\t\t\tplaceholder=\"Check-out Date\"\n\t\t\trequired=\"required\"\n\t\t\ttype=\"text\"\n\t\t\tinputmode=\"none\"\n\t\t\tname=\"mphb_check_out_date\"\n\t\t\tclass=\"mphb-datepick\"\n\t\t\tautocomplete=\"off\"\n\t\t\t\/>\n\t<\/p>\n\n\t\t\t<p class=\"mphb_sc_search-adults\">\n\t\t\t<label for=\"mphb_adults-mphb-search-form-69e4c9e885b4f\">\n\t\t\t\tAdults\t\t\t<\/label>\n\t\t\t<br \/>\n\t\t\t<select id=\"mphb_adults-mphb-search-form-69e4c9e885b4f\" name=\"mphb_adults\" >\n\t\t\t\t\t\t\t\t\t<option value=\"1\"  selected='selected'>1<\/option>\n\t\t\t\t\t\t\t\t\t<option value=\"2\" >2<\/option>\n\t\t\t\t\t\t\t\t\t<option value=\"3\" >3<\/option>\n\t\t\t\t\t\t\t\t\t<option value=\"4\" >4<\/option>\n\t\t\t\t\t\t\t\t\t<option value=\"5\" >5<\/option>\n\t\t\t\t\t\t\t\t\t<option value=\"6\" >6<\/option>\n\t\t\t\t\t\t\t\t\t<option value=\"7\" >7<\/option>\n\t\t\t\t\t\t\t\t\t<option value=\"8\" >8<\/option>\n\t\t\t\t\t\t\t\t\t<option value=\"9\" >9<\/option>\n\t\t\t\t\t\t\t\t\t<option value=\"10\" >10<\/option>\n\t\t\t\t\t\t\t\t\t<option value=\"11\" >11<\/option>\n\t\t\t\t\t\t\t\t\t<option value=\"12\" >12<\/option>\n\t\t\t\t\t\t\t\t\t<option value=\"13\" >13<\/option>\n\t\t\t\t\t\t\t\t\t<option value=\"14\" >14<\/option>\n\t\t\t\t\t\t\t\t\t<option value=\"15\" >15<\/option>\n\t\t\t\t\t\t\t\t\t<option value=\"16\" >16<\/option>\n\t\t\t\t\t\t\t\t\t<option value=\"17\" >17<\/option>\n\t\t\t\t\t\t\t\t\t<option value=\"18\" >18<\/option>\n\t\t\t\t\t\t\t\t\t<option value=\"19\" >19<\/option>\n\t\t\t\t\t\t\t\t\t<option value=\"20\" >20<\/option>\n\t\t\t\t\t\t\t\t\t<option value=\"21\" >21<\/option>\n\t\t\t\t\t\t\t\t\t<option value=\"22\" >22<\/option>\n\t\t\t\t\t\t\t\t\t<option value=\"23\" >23<\/option>\n\t\t\t\t\t\t\t\t\t<option value=\"24\" >24<\/option>\n\t\t\t\t\t\t\t\t\t<option value=\"25\" >25<\/option>\n\t\t\t\t\t\t\t\t\t<option value=\"26\" >26<\/option>\n\t\t\t\t\t\t\t\t\t<option value=\"27\" >27<\/option>\n\t\t\t\t\t\t\t\t\t<option value=\"28\" >28<\/option>\n\t\t\t\t\t\t\t\t\t<option value=\"29\" >29<\/option>\n\t\t\t\t\t\t\t\t\t<option value=\"30\" >30<\/option>\n\t\t\t\t\t\t\t<\/select>\n\t\t<\/p>\n\t\n\t\t\t<p class=\"mphb_sc_search-children\">\n\t\t\t<label for=\"mphb_children-mphb-search-form-69e4c9e885b4f\">\n\t\t\t\tChildren\t\t\t<\/label>\n\t\t\t<br \/>\n\t\t\t<select id=\"mphb_children-mphb-search-form-69e4c9e885b4f\" name=\"mphb_children\">\n\t\t\t\t\t\t\t\t\t<option value=\"0\"  selected='selected'>0<\/option>\n\t\t\t\t\t\t\t\t\t<option value=\"1\" >1<\/option>\n\t\t\t\t\t\t\t\t\t<option value=\"2\" >2<\/option>\n\t\t\t\t\t\t\t\t\t<option value=\"3\" >3<\/option>\n\t\t\t\t\t\t\t\t\t<option value=\"4\" >4<\/option>\n\t\t\t\t\t\t\t\t\t<option value=\"5\" >5<\/option>\n\t\t\t\t\t\t\t\t\t<option value=\"6\" >6<\/option>\n\t\t\t\t\t\t\t\t\t<option value=\"7\" >7<\/option>\n\t\t\t\t\t\t\t\t\t<option value=\"8\" >8<\/option>\n\t\t\t\t\t\t\t\t\t<option value=\"9\" >9<\/option>\n\t\t\t\t\t\t\t\t\t<option value=\"10\" >10<\/option>\n\t\t\t\t\t\t\t<\/select>\n\t\t<\/p>\n\t\n\t\n\t\n\t<input id=\"mphb_check_in_date-mphb-search-form-69e4c9e885b4f-hidden\" value=\"\" type=\"hidden\" name=\"mphb_check_in_date\" \/><input id=\"mphb_check_out_date-mphb-search-form-69e4c9e885b4f-hidden\" value=\"\" type=\"hidden\" name=\"mphb_check_out_date\" \/>\n\t<p class=\"mphb_sc_search-submit-button-wrapper\">\n\t\t<input type=\"submit\" class=\"button\" value=\"Search\"\/>\n\t<\/p>\n\n\t\n<\/form>\n<\/div>\n<hr class=\"pixcode  pixcode--separator  separator\"\/>\n\n\t<div class=\"pixcode  pixcode--grid  grid\" >\n\t\t\n\t<div class=\"grid__item six-twelfths palm-one-whole\" >\n\t\t\n<h2 class=\"blog-title\">Gi\u1ea3m 5% cho \u0111\u1ed3 \u0103n v\u00e0 \u0111\u1ed3 u\u1ed1ng<\/h2>\n<p>Ch\u00fang t\u00f4i xin g\u1eedi t\u1eb7ng qu\u00fd kh\u00e1ch h\u00e0ng l\u01b0u tr\u00fa t\u1ea1i Full Moon Beach \u01b0u \u0111\u00e3i gi\u1ea3m gi\u00e1 5% tr\u00ean h\u00f3a \u0111\u01a1n \u1ea9m th\u1ef1c v\u00e0 \u0111\u1ed3 u\u1ed1ng khi th\u01b0\u1edfng th\u1ee9c b\u1eefa \u0103n t\u1ea1i nh\u00e0 h\u00e0ng Full Moon v\u00e0 Jibe\u2019s Beach Club.<\/p>\n\t<\/div>\n\n\t<div class=\"grid__item six-twelfths palm-one-whole\" >\n\t\t\n<h2 class=\"blog-title\">Th\u01b0\u1edfng th\u1ee9c d\u1ecbch v\u1ee5 massage v\u1edbi \u01b0u \u0111\u00e3i gi\u1ea3m gi\u00e1 l\u00ean \u0111\u1ebfn 30%.<\/h2>\n<p><strong>D\u1ecaCH V\u1ee4 SPA <\/strong> Kh\u00e1ch c\u1ee7a Fullmoon Beach Resort lu\u00f4n c\u00f3 c\u01a1 h\u1ed9i t\u1eadn h\u01b0\u1edfng s\u1ef1 ph\u1ee5c h\u1ed3i ngay t\u1ea1i \u0111\u00e2y. Fullmoon Beach Spa l\u00e0 m\u1ed9t n\u01a1i y\u00ean b\u00ecnh v\u00e0 t\u0129nh l\u1eb7ng, v\u1edbi c\u00e1c ph\u00f2ng spa sang tr\u1ecdng, n\u01a1i b\u1ea1n c\u00f3 th\u1ec3 th\u01b0\u1edfng th\u1ee9c m\u1ed9t bu\u1ed5i massage to\u00e0n th\u00e2n th\u01b0 gi\u00e3n, l\u00e0m s\u00e1ng da ho\u1eb7c l\u00e0m s\u1ea1ch \u0111\u1ed9c t\u1ed1 cho khu\u00f4n m\u1eb7t, b\u1ecdc th\u1ea3o d\u01b0\u1ee3c \u1ea5m ho\u1eb7c t\u1ea9y t\u1ebf b\u00e0o ch\u1ebft cho c\u01a1 th\u1ec3. C\u00e1c ph\u00f2ng x\u00f4ng h\u01a1i v\u00e0 ph\u00f2ng h\u01a1i \u1ea9m t\u1ea1i spa y\u00ean b\u00ecnh c\u1ee7a ch\u00fang t\u00f4i t\u1ea1i Fullmoon Beach c\u00e0ng gi\u00fap b\u1ea1n th\u01b0 gi\u00e3n v\u00e0 gi\u1ea3m c\u0103ng th\u1eb3ng sau m\u1ed9t ng\u00e0y d\u00e0i. Ch\u00fang t\u00f4i \u0111\u1ec1 xu\u1ea5t \u01b0u \u0111\u00e3i gi\u1ea3m gi\u00e1 30% cho t\u1ea5t c\u1ea3 kh\u00e1ch c\u1ee7a Full Moon Beach<\/p>\n\t<\/div>\n\n\t<\/div>\n\n<\/div>","protected":false},"excerpt":{"rendered":"","protected":false},"author":1,"featured_media":1501,"parent":0,"menu_order":0,"comment_status":"closed","ping_status":"closed","template":"","meta":{"footnotes":""},"class_list":["post-1714","page","type-page","status-publish","has-post-thumbnail","hentry"],"_links":{"self":[{"href":"https:\/\/fullmoonbeach.com.vn\/vi\/wp-json\/wp\/v2\/pages\/1714","targetHints":{"allow":["GET"]}}],"collection":[{"href":"https:\/\/fullmoonbeach.com.vn\/vi\/wp-json\/wp\/v2\/pages"}],"about":[{"href":"https:\/\/fullmoonbeach.com.vn\/vi\/wp-json\/wp\/v2\/types\/page"}],"author":[{"embeddable":true,"href":"https:\/\/fullmoonbeach.com.vn\/vi\/wp-json\/wp\/v2\/users\/1"}],"replies":[{"embeddable":true,"href":"https:\/\/fullmoonbeach.com.vn\/vi\/wp-json\/wp\/v2\/comments?post=1714"}],"version-history":[{"count":0,"href":"https:\/\/fullmoonbeach.com.vn\/vi\/wp-json\/wp\/v2\/pages\/1714\/revisions"}],"wp:featuredmedia":[{"embeddable":true,"href":"https:\/\/fullmoonbeach.com.vn\/vi\/wp-json\/wp\/v2\/media\/1501"}],"wp:attachment":[{"href":"https:\/\/fullmoonbeach.com.vn\/vi\/wp-json\/wp\/v2\/media?parent=1714"}],"curies":[{"name":"wp","href":"https:\/\/api.w.org\/{rel}","templated":true}]}}