{"id":1709,"date":"2014-09-26T10:10:58","date_gmt":"2014-09-26T03:10:58","guid":{"rendered":"http:\/\/fullmoonbeach.com.vn\/trang-chu\/"},"modified":"2024-05-16T11:36:15","modified_gmt":"2024-05-16T04:36:15","slug":"trang-chu","status":"publish","type":"page","link":"https:\/\/fullmoonbeach.com.vn\/vi\/","title":{"rendered":"Trang Ch\u1ee7"},"content":{"rendered":"<div class=\"smart_content_wrapper\">\t<div class=\"pixcode  pixcode--grid  grid\" >\n\t\t\t<div class=\"island grid__item six-twelfths palm-one-whole\" >\n\t\t\n<hgroup class=\"pixcode  pixcode--heading article__headline\">\n\t<h2 class=\"headline__secondary\"><\/h2>\n\t<h1 class=\"headline__primary\">H\u1ea1ng Ph\u00f2ng<\/h1>\n<\/hgroup>\n<div class=\"pixcode  pixcode--separator  separator separator--flower separator_color--dark\">&#10043;<\/div>\n\n<p style=\"text-align: center;\">B\u01b0\u1edbc v\u00e0o t\u1eeb khu v\u01b0\u1eddn nhi\u1ec7t \u0111\u1edbi, <span id=\"result_box\" class=\"\" lang=\"en\"><span class=\"hps\">b\u1ea1n<\/span> <span class=\"hps\">s\u1ebd<\/span> <span class=\"hps\">\u0111\u01b0\u1ee3c \u0111\u1eafm ch\u00ecm trong ti\u1ebfng s\u00f3ng<\/span> <span class=\"hps\">bi\u1ec3n<\/span> r\u00ec r\u00e0o <span class=\"hps\">v\u00e0<\/span> <span class=\"hps\">h\u00edt th\u1edf<\/span> <span class=\"hps\">h\u01b0\u01a1ng v\u1ecb<\/span> <span class=\"hps\">c\u1ee7a<\/span> <span class=\"hps\">bi\u1ec3n c\u1ea3<\/span><\/span>. T\u1ea1i \u0111\u00e2y, b\u1ea1n s\u1ebd c\u00f3 m\u1ecdi ti\u1ec7n nghi \u0111\u1ec3 l\u00e0m vi\u1ec7c hi\u1ec7u qu\u1ea3 v\u00e0 th\u01b0 gi\u00e3n tho\u1ea3i m\u00e1i v\u1edbi chi\u1ebfc gi\u01b0\u1eddng \u0111\u00f4i c\u1ee1 king. T\u1eeb t\u1ea7ng m\u1ed9t, b\u1ea1n s\u1ebd c\u00f3 t\u1ea7m nh\u00ecn tuy\u1ec7t \u0111\u1eb9p \u0111\u1ec3 t\u1eadn h\u01b0\u1edfng c\u00e1c m\u00f4n th\u1ec3 thao d\u01b0\u1edbi n\u01b0\u1edbc nh\u01b0 l\u01b0\u1edbt v\u00e1n bu\u1ed3m, l\u01b0\u1edbt v\u00e1n di\u1ec1u, ch\u00e8o thuy\u1ec1n bu\u1ed3m, v\u00e0 nhi\u1ec1u ho\u1ea1t \u0111\u1ed9ng kh\u00e1c.<\/p>\n<p style=\"text-align: center;\"><a href=\"http:\/\/fullmoonbeach.com.vn\/vi\/dat-phong\/\">Xem th\u00eam&#8230;<\/a><\/p>\n\t<\/div>\n\t<div class=\"grid__item six-twelfths palm-one-whole\" >\n\t\t\n<p>&nbsp;<\/p>\n<p><img fetchpriority=\"high\" decoding=\"async\" class=\"size-full wp-image-1417 aligncenter\" src=\"http:\/\/fullmoonbeach.com.vn\/wp-content\/uploads\/2020\/10\/dsc_0902-min-scaled.jpg\" alt=\"\" width=\"2560\" height=\"1709\" srcset=\"https:\/\/fullmoonbeach.com.vn\/wp-content\/uploads\/2020\/10\/dsc_0902-min-scaled.jpg 2560w, https:\/\/fullmoonbeach.com.vn\/wp-content\/uploads\/2020\/10\/dsc_0902-min-300x200.jpg 300w, https:\/\/fullmoonbeach.com.vn\/wp-content\/uploads\/2020\/10\/dsc_0902-min-1024x684.jpg 1024w, https:\/\/fullmoonbeach.com.vn\/wp-content\/uploads\/2020\/10\/dsc_0902-min-768x513.jpg 768w, https:\/\/fullmoonbeach.com.vn\/wp-content\/uploads\/2020\/10\/dsc_0902-min-1536x1025.jpg 1536w, https:\/\/fullmoonbeach.com.vn\/wp-content\/uploads\/2020\/10\/dsc_0902-min-2048x1367.jpg 2048w, https:\/\/fullmoonbeach.com.vn\/wp-content\/uploads\/2020\/10\/dsc_0902-min-1200x801.jpg 1200w, https:\/\/fullmoonbeach.com.vn\/wp-content\/uploads\/2020\/10\/dsc_0902-min-900x601.jpg 900w, https:\/\/fullmoonbeach.com.vn\/wp-content\/uploads\/2020\/10\/dsc_0902-min-400x267.jpg 400w\" sizes=\"(max-width: 2560px) 100vw, 2560px\" \/><\/p>\n\t<\/div>\n\t<\/div>\n\n<p>&nbsp;<\/p>\n\t<div class=\"pixcode  pixcode--grid  grid\" >\n\t\t\t<div class=\"grid__item six-twelfths palm-one-whole\" >\n\t\t\n<p><img decoding=\"async\" class=\"aligncenter wp-image-745 size-full\" src=\"http:\/\/fullmoonbeach.com.vn\/wp-content\/uploads\/2020\/09\/20140927_131739-scaled.jpg\" alt=\"nh\u00e0 h\u00e0ng t\u1ea1i m\u0169i n\u00e9\" width=\"2560\" height=\"1920\" srcset=\"https:\/\/fullmoonbeach.com.vn\/wp-content\/uploads\/2020\/09\/20140927_131739-scaled.jpg 2560w, https:\/\/fullmoonbeach.com.vn\/wp-content\/uploads\/2020\/09\/20140927_131739-300x225.jpg 300w, https:\/\/fullmoonbeach.com.vn\/wp-content\/uploads\/2020\/09\/20140927_131739-1024x768.jpg 1024w, https:\/\/fullmoonbeach.com.vn\/wp-content\/uploads\/2020\/09\/20140927_131739-768x576.jpg 768w, https:\/\/fullmoonbeach.com.vn\/wp-content\/uploads\/2020\/09\/20140927_131739-1536x1152.jpg 1536w, https:\/\/fullmoonbeach.com.vn\/wp-content\/uploads\/2020\/09\/20140927_131739-2048x1536.jpg 2048w, https:\/\/fullmoonbeach.com.vn\/wp-content\/uploads\/2020\/09\/20140927_131739-1200x900.jpg 1200w, https:\/\/fullmoonbeach.com.vn\/wp-content\/uploads\/2020\/09\/20140927_131739-900x675.jpg 900w, https:\/\/fullmoonbeach.com.vn\/wp-content\/uploads\/2020\/09\/20140927_131739-400x300.jpg 400w\" sizes=\"(max-width: 2560px) 100vw, 2560px\" \/><\/p>\n\t<\/div>\n\t<div class=\"island grid__item six-twelfths palm-one-whole\" >\n\t\t\n<hgroup class=\"pixcode  pixcode--heading article__headline\">\n\t<h2 class=\"headline__secondary\"><\/h2>\n\t<h1 class=\"headline__primary\">\u1ea8m Th\u1ef1c Vi\u1ec7t Nam<\/h1>\n<\/hgroup>\n<div class=\"pixcode  pixcode--separator  separator separator--flower separator_color--dark\">&#10043;<\/div>\n\n<p>Ngay b\u00ean b\u1edd bi\u1ec3n, nh\u00e0 h\u00e0ng Full Moon Beach m\u1edf c\u1eeda \u0111\u00f3n kh\u00e1ch t\u1eeb 6 gi\u1edd s\u00e1ng \u0111\u1ebfn 10 gi\u1edd t\u1ed1i, ph\u1ee5c v\u1ee5 \u0111a d\u1ea1ng c\u00e1c m\u00f3n \u0111\u1eb7c s\u1ea3n \u0111\u1ecba ph\u01b0\u01a1ng c\u0169ng nh\u01b0 m\u1ed9t s\u1ed1 m\u00f3n \u0103n qu\u1ed1c t\u1ebf \u0111\u01b0\u1ee3c y\u00eau th\u00edch.<\/p>\n<p style=\"text-align: center;\">Ch\u00fang t\u00f4i ch\u00e0o \u0111\u00f3n c\u00e1c nh\u00f3m l\u00ean \u0111\u1ebfn 50 ng\u01b0\u1eddi cho m\u1ecdi d\u1ecbp (sinh nh\u1eadt, \u0111\u00e1m c\u01b0\u1edbi, d\u00e3 ngo\u1ea1i c\u00f4ng ty\u2026) v\u00e0 cung c\u1ea5p d\u1ecbch v\u1ee5 t\u00f9y ch\u1ec9nh ph\u00f9 h\u1ee3p v\u1edbi nhu c\u1ea7u v\u00e0 kh\u1ea3 n\u0103ng c\u1ee7a b\u1ea1n.<\/p>\n\t<\/div>\n\t<\/div>\n\n<p>&nbsp;<\/p>\n\t<div class=\"pixcode  pixcode--grid  grid\" >\n\t\t\t<div class=\"island grid__item six-twelfths palm-one-whole\" >\n\t\t\n<hgroup class=\"pixcode  pixcode--heading article__headline\">\n\t<h2 class=\"headline__secondary\"><\/h2>\n\t<h1 class=\"headline__primary\">Trung T\u00e2m Th\u1ec3 Thao<\/h1>\n<\/hgroup>\n<div class=\"pixcode  pixcode--separator  separator separator--flower separator_color--dark\">&#10043;<\/div>\n\n<p style=\"text-align: center;\">Cung c\u1ea5p nhi\u1ec1u ho\u1ea1t \u0111\u1ed9ng th\u1ec3 thao d\u01b0\u1edbi n\u01b0\u1edbc v\u00e0 c\u00e1c thi\u1ebft b\u1ecb t\u1ed1t nh\u1ea5t cho m\u1ecdi ng\u01b0\u1eddi t\u1eadn h\u01b0\u1edfng, t\u1eeb ch\u00e8o kayak hay l\u01b0\u1edbt v\u00e1n \u0111\u1ee9ng v\u00e0o nh\u1eefng bu\u1ed5i s\u00e1ng y\u00ean \u1ea3 \u0111\u1ebfn l\u01b0\u1edbt v\u00e1n di\u1ec1u v\u00e0 l\u01b0\u1edbt v\u00e1n bu\u1ed3m m\u1ea1o hi\u1ec3m trong gi\u00f3 25+ knot n\u1ed5i ti\u1ebfng c\u1ee7a M\u0169i N\u00e9. C\u00e1c hu\u1ea5n luy\u1ec7n vi\u00ean qu\u1ed1c t\u1ebf gi\u00e0u kinh nghi\u1ec7m c\u1ee7a ch\u00fang t\u00f4i c\u00f3 th\u1ec3 d\u1ea1y b\u1ea1n l\u01b0\u1edbt v\u00e1n bu\u1ed3m, l\u01b0\u1edbt v\u00e1n di\u1ec1u, l\u01b0\u1edbt s\u00f3ng ho\u1eb7c ch\u00e8o thuy\u1ec1n tr\u00ean catamaran ngay tr\u00ean b\u00e3i bi\u1ec3n.<\/p>\n<p style=\"text-align: center;\"><a href=\"https:\/\/jibesbeachclub.com\/\">Xem th\u00eam&#8230;<\/a><\/p>\n\t<\/div>\n\t<div class=\"grid__item six-twelfths palm-one-whole\" >\n\t\t<img decoding=\"async\" class=\"aligncenter wp-image-752 size-full\" src=\"http:\/\/fullmoonbeach.com.vn\/wp-content\/uploads\/2020\/09\/50775350_10156355443949585_7273902461557932032_n.jpg\" alt=\"trung t\u00e2m th\u1ec3 thao n\u01b0\u1edbc\" width=\"960\" height=\"640\" srcset=\"https:\/\/fullmoonbeach.com.vn\/wp-content\/uploads\/2020\/09\/50775350_10156355443949585_7273902461557932032_n.jpg 960w, https:\/\/fullmoonbeach.com.vn\/wp-content\/uploads\/2020\/09\/50775350_10156355443949585_7273902461557932032_n-300x200.jpg 300w, https:\/\/fullmoonbeach.com.vn\/wp-content\/uploads\/2020\/09\/50775350_10156355443949585_7273902461557932032_n-768x512.jpg 768w, https:\/\/fullmoonbeach.com.vn\/wp-content\/uploads\/2020\/09\/50775350_10156355443949585_7273902461557932032_n-900x600.jpg 900w, https:\/\/fullmoonbeach.com.vn\/wp-content\/uploads\/2020\/09\/50775350_10156355443949585_7273902461557932032_n-400x267.jpg 400w\" sizes=\"(max-width: 960px) 100vw, 960px\" \/><\/p>\n\t<\/div>\n\t<\/div>\n\n<\/div>","protected":false},"excerpt":{"rendered":"<p>&nbsp; &nbsp;<\/p>\n","protected":false},"author":1,"featured_media":1478,"parent":0,"menu_order":0,"comment_status":"closed","ping_status":"closed","template":"","meta":{"footnotes":""},"class_list":["post-1709","page","type-page","status-publish","has-post-thumbnail","hentry"],"_links":{"self":[{"href":"https:\/\/fullmoonbeach.com.vn\/vi\/wp-json\/wp\/v2\/pages\/1709","targetHints":{"allow":["GET"]}}],"collection":[{"href":"https:\/\/fullmoonbeach.com.vn\/vi\/wp-json\/wp\/v2\/pages"}],"about":[{"href":"https:\/\/fullmoonbeach.com.vn\/vi\/wp-json\/wp\/v2\/types\/page"}],"author":[{"embeddable":true,"href":"https:\/\/fullmoonbeach.com.vn\/vi\/wp-json\/wp\/v2\/users\/1"}],"replies":[{"embeddable":true,"href":"https:\/\/fullmoonbeach.com.vn\/vi\/wp-json\/wp\/v2\/comments?post=1709"}],"version-history":[{"count":6,"href":"https:\/\/fullmoonbeach.com.vn\/vi\/wp-json\/wp\/v2\/pages\/1709\/revisions"}],"predecessor-version":[{"id":1720,"href":"https:\/\/fullmoonbeach.com.vn\/vi\/wp-json\/wp\/v2\/pages\/1709\/revisions\/1720"}],"wp:featuredmedia":[{"embeddable":true,"href":"https:\/\/fullmoonbeach.com.vn\/vi\/wp-json\/wp\/v2\/media\/1478"}],"wp:attachment":[{"href":"https:\/\/fullmoonbeach.com.vn\/vi\/wp-json\/wp\/v2\/media?parent=1709"}],"curies":[{"name":"wp","href":"https:\/\/api.w.org\/{rel}","templated":true}]}}